{"id":5718,"date":"2023-07-01T08:00:23","date_gmt":"2023-07-01T14:00:23","guid":{"rendered":"https:\/\/asberamerica.com\/es\/?post_type=product&#038;p=5718"},"modified":"2026-01-15T11:20:39","modified_gmt":"2026-01-15T17:20:39","slug":"mesas-refrigeradas-preparacion-de-ensaladas-premium-line","status":"publish","type":"product","link":"https:\/\/asberamerica.com\/es\/producto\/mesas-refrigeradas-preparacion-de-ensaladas-premium-line\/","title":{"rendered":"Mesas Refrigeradas Preparaci\u00f3n de Ensaladas &#8211; Premium Line"},"content":{"rendered":"","protected":false},"excerpt":{"rendered":"<h4>Dise\u00f1o constructivo \u00fanico en su clase que permite incrementar la capacidad de almacenamiento en un 30% respecto a otros equipos de su categor\u00eda.<\/h4>\n","protected":false},"featured_media":5888,"template":"","meta":{"_acf_changed":false},"product_brand":[],"product_cat":[99],"product_tag":[47],"class_list":{"0":"post-5718","1":"product","2":"type-product","3":"status-publish","4":"has-post-thumbnail","6":"product_cat-refrigeracion","7":"product_tag-mesas-refrigeradas-de-preparacion","9":"first","10":"instock","11":"shipping-taxable","12":"product-type-simple"},"acf":[],"_links":{"self":[{"href":"https:\/\/asberamerica.com\/es\/wp-json\/wp\/v2\/product\/5718","targetHints":{"allow":["GET"]}}],"collection":[{"href":"https:\/\/asberamerica.com\/es\/wp-json\/wp\/v2\/product"}],"about":[{"href":"https:\/\/asberamerica.com\/es\/wp-json\/wp\/v2\/types\/product"}],"version-history":[{"count":14,"href":"https:\/\/asberamerica.com\/es\/wp-json\/wp\/v2\/product\/5718\/revisions"}],"predecessor-version":[{"id":6500,"href":"https:\/\/asberamerica.com\/es\/wp-json\/wp\/v2\/product\/5718\/revisions\/6500"}],"wp:featuredmedia":[{"embeddable":true,"href":"https:\/\/asberamerica.com\/es\/wp-json\/wp\/v2\/media\/5888"}],"wp:attachment":[{"href":"https:\/\/asberamerica.com\/es\/wp-json\/wp\/v2\/media?parent=5718"}],"wp:term":[{"taxonomy":"product_brand","embeddable":true,"href":"https:\/\/asberamerica.com\/es\/wp-json\/wp\/v2\/product_brand?post=5718"},{"taxonomy":"product_cat","embeddable":true,"href":"https:\/\/asberamerica.com\/es\/wp-json\/wp\/v2\/product_cat?post=5718"},{"taxonomy":"product_tag","embeddable":true,"href":"https:\/\/asberamerica.com\/es\/wp-json\/wp\/v2\/product_tag?post=5718"}],"curies":[{"name":"wp","href":"https:\/\/api.w.org\/{rel}","templated":true}]}}