{"id":4732,"date":"2025-09-12T09:55:32","date_gmt":"2025-09-12T15:55:32","guid":{"rendered":"https:\/\/asberamerica.com\/es\/?post_type=product&#038;p=4732"},"modified":"2026-01-20T10:58:08","modified_gmt":"2026-01-20T16:58:08","slug":"tinas-cubas-calientes-electricas-de-bano-maria","status":"publish","type":"product","link":"https:\/\/asberamerica.com\/es\/producto\/tinas-cubas-calientes-electricas-de-bano-maria\/","title":{"rendered":"Tinas\/Cubas Calientes El\u00e9ctricas de Ba\u00f1o Mar\u00eda"},"content":{"rendered":"","protected":false},"excerpt":{"rendered":"","protected":false},"featured_media":1734,"template":"","meta":{"_acf_changed":false},"product_brand":[],"product_cat":[102],"product_tag":[89,76],"class_list":{"0":"post-4732","1":"product","2":"type-product","3":"status-publish","4":"has-post-thumbnail","6":"product_cat-distribucion-y-exhibicion","7":"product_tag-cubas-calientes","8":"product_tag-drop-in","10":"first","11":"instock","12":"shipping-taxable","13":"product-type-simple"},"acf":[],"_links":{"self":[{"href":"https:\/\/asberamerica.com\/es\/wp-json\/wp\/v2\/product\/4732","targetHints":{"allow":["GET"]}}],"collection":[{"href":"https:\/\/asberamerica.com\/es\/wp-json\/wp\/v2\/product"}],"about":[{"href":"https:\/\/asberamerica.com\/es\/wp-json\/wp\/v2\/types\/product"}],"version-history":[{"count":10,"href":"https:\/\/asberamerica.com\/es\/wp-json\/wp\/v2\/product\/4732\/revisions"}],"predecessor-version":[{"id":6507,"href":"https:\/\/asberamerica.com\/es\/wp-json\/wp\/v2\/product\/4732\/revisions\/6507"}],"wp:featuredmedia":[{"embeddable":true,"href":"https:\/\/asberamerica.com\/es\/wp-json\/wp\/v2\/media\/1734"}],"wp:attachment":[{"href":"https:\/\/asberamerica.com\/es\/wp-json\/wp\/v2\/media?parent=4732"}],"wp:term":[{"taxonomy":"product_brand","embeddable":true,"href":"https:\/\/asberamerica.com\/es\/wp-json\/wp\/v2\/product_brand?post=4732"},{"taxonomy":"product_cat","embeddable":true,"href":"https:\/\/asberamerica.com\/es\/wp-json\/wp\/v2\/product_cat?post=4732"},{"taxonomy":"product_tag","embeddable":true,"href":"https:\/\/asberamerica.com\/es\/wp-json\/wp\/v2\/product_tag?post=4732"}],"curies":[{"name":"wp","href":"https:\/\/api.w.org\/{rel}","templated":true}]}}