{"id":558,"date":"2023-04-13T15:33:02","date_gmt":"2023-04-13T21:33:02","guid":{"rendered":"https:\/\/asberamerica.com\/es\/?page_id=558"},"modified":"2024-02-07T15:37:21","modified_gmt":"2024-02-07T21:37:21","slug":"aviso-de-privacidad","status":"publish","type":"page","link":"https:\/\/asberamerica.com\/es\/hub-legal\/aviso-de-privacidad\/","title":{"rendered":"Aviso de Privacidad"},"content":{"rendered":"\t\t<div data-elementor-type=\"wp-page\" data-elementor-id=\"558\" class=\"elementor elementor-558\" data-elementor-post-type=\"page\">\n\t\t\t\t\t\t<section class=\"elementor-section elementor-top-section elementor-element elementor-element-2c37403 elementor-section-height-min-height elementor-section-boxed elementor-section-height-default elementor-section-items-middle\" data-id=\"2c37403\" data-element_type=\"section\" data-e-type=\"section\" data-settings=\"{&quot;background_background&quot;:&quot;classic&quot;}\">\n\t\t\t\t\t\t<div class=\"elementor-container elementor-column-gap-default\">\n\t\t\t\t\t<div class=\"elementor-column elementor-col-100 elementor-top-column elementor-element elementor-element-99f7022\" data-id=\"99f7022\" data-element_type=\"column\" data-e-type=\"column\">\n\t\t\t<div class=\"elementor-widget-wrap elementor-element-populated\">\n\t\t\t\t\t\t<div class=\"elementor-element elementor-element-b652820 elementor-widget elementor-widget-heading\" data-id=\"b652820\" data-element_type=\"widget\" data-e-type=\"widget\" data-widget_type=\"heading.default\">\n\t\t\t\t<div class=\"elementor-widget-container\">\n\t\t\t\t\t<h2 class=\"elementor-heading-title elementor-size-default\">AVISO DE PRIVACIDAD<\/h2>\t\t\t\t<\/div>\n\t\t\t\t<\/div>\n\t\t\t\t\t<\/div>\n\t\t<\/div>\n\t\t\t\t\t<\/div>\n\t\t<\/section>\n\t\t\t\t<section class=\"elementor-section elementor-top-section elementor-element elementor-element-53e5d88 elementor-section-boxed elementor-section-height-default elementor-section-height-default\" data-id=\"53e5d88\" data-element_type=\"section\" data-e-type=\"section\">\n\t\t\t\t\t\t<div class=\"elementor-container elementor-column-gap-default\">\n\t\t\t\t\t<div class=\"elementor-column elementor-col-100 elementor-top-column elementor-element elementor-element-e5c6636\" data-id=\"e5c6636\" data-element_type=\"column\" data-e-type=\"column\">\n\t\t\t<div class=\"elementor-widget-wrap elementor-element-populated\">\n\t\t\t\t\t\t<div class=\"elementor-element elementor-element-892a8ac elementor-widget elementor-widget-woocommerce-breadcrumb\" data-id=\"892a8ac\" data-element_type=\"widget\" data-e-type=\"widget\" data-widget_type=\"woocommerce-breadcrumb.default\">\n\t\t\t\t<div class=\"elementor-widget-container\">\n\t\t\t\t\t<nav class=\"woocommerce-breadcrumb\" aria-label=\"Breadcrumb\">Inicio<\/nav>\t\t\t\t<\/div>\n\t\t\t\t<\/div>\n\t\t\t\t\t<\/div>\n\t\t<\/div>\n\t\t\t\t\t<\/div>\n\t\t<\/section>\n\t\t\t\t<section class=\"elementor-section elementor-top-section elementor-element elementor-element-434a380 elementor-section-boxed elementor-section-height-default elementor-section-height-default\" data-id=\"434a380\" data-element_type=\"section\" data-e-type=\"section\">\n\t\t\t\t\t\t<div class=\"elementor-container elementor-column-gap-default\">\n\t\t\t\t\t<div class=\"elementor-column elementor-col-100 elementor-top-column elementor-element elementor-element-1653d74\" data-id=\"1653d74\" data-element_type=\"column\" data-e-type=\"column\">\n\t\t\t<div class=\"elementor-widget-wrap elementor-element-populated\">\n\t\t\t\t\t\t<div class=\"elementor-element elementor-element-bd91e98 elementor-widget elementor-widget-text-editor\" data-id=\"bd91e98\" data-element_type=\"widget\" data-e-type=\"widget\" data-widget_type=\"text-editor.default\">\n\t\t\t\t<div class=\"elementor-widget-container\">\n\t\t\t\t\t\t\t\t\t<p>El presente aviso de privacidad se establece en cumplimiento de lo dispuesto en la Ley Federal de Protecci\u00f3n de Datos Personales en Posesi\u00f3n de los Particulares (la \u201cLey de Datos Personales\u201d), por favor lea cuidadosamente los t\u00e9rminos y condiciones que se precisan en el presente aviso, puesto que cualquier aportaci\u00f3n de datos Personales que usted efect\u00fae por cualquier medio constituye la aceptaci\u00f3n expresa de dichos t\u00e9rminos y condiciones y, consecuentemente, ONNERA MEXICO, S. A. de C. V. queda expresamente autorizada para el tratamiento de dichos datos. Todos los t\u00e9rminos utilizados con may\u00fascula inicial no definidos en el presente aviso tendr\u00e1n el significado que se les atribuye en la Ley de Datos Personales.<\/p>\t\t\t\t\t\t\t\t<\/div>\n\t\t\t\t<\/div>\n\t\t\t\t<div class=\"elementor-element elementor-element-4edbff2 elementor-widget elementor-widget-accordion\" data-id=\"4edbff2\" data-element_type=\"widget\" data-e-type=\"widget\" data-widget_type=\"accordion.default\">\n\t\t\t\t<div class=\"elementor-widget-container\">\n\t\t\t\t\t\t\t<div class=\"elementor-accordion\">\n\t\t\t\t\t\t\t<div class=\"elementor-accordion-item\">\n\t\t\t\t\t<div id=\"elementor-tab-title-8261\" class=\"elementor-tab-title\" data-tab=\"1\" role=\"button\" aria-controls=\"elementor-tab-content-8261\" aria-expanded=\"false\">\n\t\t\t\t\t\t\t\t\t\t\t\t\t<span class=\"elementor-accordion-icon elementor-accordion-icon-left\" aria-hidden=\"true\">\n\t\t\t\t\t\t\t\t\t\t\t\t\t\t\t<span class=\"elementor-accordion-icon-closed\"><svg class=\"e-font-icon-svg e-fas-plus\" viewBox=\"0 0 448 512\" xmlns=\"http:\/\/www.w3.org\/2000\/svg\"><path d=\"M416 208H272V64c0-17.67-14.33-32-32-32h-32c-17.67 0-32 14.33-32 32v144H32c-17.67 0-32 14.33-32 32v32c0 17.67 14.33 32 32 32h144v144c0 17.67 14.33 32 32 32h32c17.67 0 32-14.33 32-32V304h144c17.67 0 32-14.33 32-32v-32c0-17.67-14.33-32-32-32z\"><\/path><\/svg><\/span>\n\t\t\t\t\t\t\t\t<span class=\"elementor-accordion-icon-opened\"><svg class=\"e-font-icon-svg e-fas-minus\" viewBox=\"0 0 448 512\" xmlns=\"http:\/\/www.w3.org\/2000\/svg\"><path d=\"M416 208H32c-17.67 0-32 14.33-32 32v32c0 17.67 14.33 32 32 32h384c17.67 0 32-14.33 32-32v-32c0-17.67-14.33-32-32-32z\"><\/path><\/svg><\/span>\n\t\t\t\t\t\t\t\t\t\t\t\t\t\t<\/span>\n\t\t\t\t\t\t\t\t\t\t\t\t<a class=\"elementor-accordion-title\" tabindex=\"0\">IDENTIDAD Y DOMICILIO DEL RESPONSABLE<\/a>\n\t\t\t\t\t<\/div>\n\t\t\t\t\t<div id=\"elementor-tab-content-8261\" class=\"elementor-tab-content elementor-clearfix\" data-tab=\"1\" role=\"region\" aria-labelledby=\"elementor-tab-title-8261\"><p>El Responsable del Tratamiento de los Datos Personales es ONNERA, con domicilio en Circuito Exportaci\u00f3n N\u00famero 201, Parque Industrial Tres Naciones 2\u00aa Etapa, en San Luis Potos\u00ed, S.L.P. C. P. 78395.<\/p><\/div>\n\t\t\t\t<\/div>\n\t\t\t\t\t\t\t<div class=\"elementor-accordion-item\">\n\t\t\t\t\t<div id=\"elementor-tab-title-8262\" class=\"elementor-tab-title\" data-tab=\"2\" role=\"button\" aria-controls=\"elementor-tab-content-8262\" aria-expanded=\"false\">\n\t\t\t\t\t\t\t\t\t\t\t\t\t<span class=\"elementor-accordion-icon elementor-accordion-icon-left\" aria-hidden=\"true\">\n\t\t\t\t\t\t\t\t\t\t\t\t\t\t\t<span class=\"elementor-accordion-icon-closed\"><svg class=\"e-font-icon-svg e-fas-plus\" viewBox=\"0 0 448 512\" xmlns=\"http:\/\/www.w3.org\/2000\/svg\"><path d=\"M416 208H272V64c0-17.67-14.33-32-32-32h-32c-17.67 0-32 14.33-32 32v144H32c-17.67 0-32 14.33-32 32v32c0 17.67 14.33 32 32 32h144v144c0 17.67 14.33 32 32 32h32c17.67 0 32-14.33 32-32V304h144c17.67 0 32-14.33 32-32v-32c0-17.67-14.33-32-32-32z\"><\/path><\/svg><\/span>\n\t\t\t\t\t\t\t\t<span class=\"elementor-accordion-icon-opened\"><svg class=\"e-font-icon-svg e-fas-minus\" viewBox=\"0 0 448 512\" xmlns=\"http:\/\/www.w3.org\/2000\/svg\"><path d=\"M416 208H32c-17.67 0-32 14.33-32 32v32c0 17.67 14.33 32 32 32h384c17.67 0 32-14.33 32-32v-32c0-17.67-14.33-32-32-32z\"><\/path><\/svg><\/span>\n\t\t\t\t\t\t\t\t\t\t\t\t\t\t<\/span>\n\t\t\t\t\t\t\t\t\t\t\t\t<a class=\"elementor-accordion-title\" tabindex=\"0\">FINALIDADES DEL TRATAMIENTO DE DATOS PERSONALES<\/a>\n\t\t\t\t\t<\/div>\n\t\t\t\t\t<div id=\"elementor-tab-content-8262\" class=\"elementor-tab-content elementor-clearfix\" data-tab=\"2\" role=\"region\" aria-labelledby=\"elementor-tab-title-8262\"><p>Los datos y\/o informaci\u00f3n que de manera voluntaria nos proporcione o haya proporcionado, son confidenciales. Las finalidades por las que ONNERA recaba Datos Personales son las siguientes:<\/p><p>Con respecto a sus empleados, para llevar un control interno adecuado, tomar medidas de seguridad, higiene y cuidado, as\u00ed como para realizar los pagos correspondientes derivados de una relaci\u00f3n laboral. Para efectos de seguridad, ONNERA podr\u00e1 instalar sistemas de video vigilancia, por lo que en su caso, las im\u00e1genes captadas por dicho sistema se utilizar\u00e1n para tomar medidas necesarias a efecto de garantizar la seguridad de las personas que ingresen a las instalaciones de la empresa, as\u00ed como evidencia de mal comportamiento y\/o incumplimientos a las normas aplicables y\/o a las leyes vigentes.<\/p><p>Adicionalmente a lo anterior, ONNERA estar\u00e1 facultada para compartir informaci\u00f3n personal de sus empleados con las instituciones que operen como Cajas Populares, a efecto de facilitar el otorgamiento de pr\u00e9stamos y\/o cr\u00e9ditos a sus empleados, la informaci\u00f3n que generalmente se compartir\u00e1 con estas instituciones consistir\u00e1 en las deducciones que se hagan al empleado por concepto de FONACOT, INFONAVIT, N\u00f3mina, etc.).<\/p><p>Por otra parte, la informaci\u00f3n personal que se recabe se utilizar\u00e1 con el fin de permitir a ONNERA llevar a cabo el control respecto de la administraci\u00f3n de habilidades (por ejemplo, formaci\u00f3n, desarrollo del empleado, rendimiento y planes de sucesi\u00f3n), y permitirle a las empresas filiales del Grupo en otros pa\u00edses, obtener informaci\u00f3n sobre la poblaci\u00f3n mundial de empleados de ONNERA, a fin de facilitar datos estad\u00edsticos para la toma de decisiones por parte de la direcci\u00f3n de la empresa. Con respecto a prospectos de empleados, para programar entrevistas de trabajo, efectuar evaluaciones, contactarlos y mantener controles internos para seguimiento y eventual contrataci\u00f3n.<\/p><p>\u00a0<\/p><p>Con respecto a sus proveedores, visitantes y\/o transportistas y clientes, para fines de identificaci\u00f3n, ubicaci\u00f3n, contacto, env\u00edos, realizaci\u00f3n de pagos, cobranza, estad\u00edsticas, informaci\u00f3n sobre servicios y\/o productos evaluaci\u00f3n de calidad, as\u00ed como su transmisi\u00f3n a terceros por cualquier medio que permita la ley.<\/p><p>En general, los Datos Personales que recaba ONNERA de los Titulares son nombres, direcciones, tel\u00e9fonos, direcciones de correo electr\u00f3nico, n\u00fameros de seguro social, estado de salud y, en algunos casos, rese\u00f1as curriculares datos bancarios y fiscales. En caso de que, al momento de recabar Datos Personales, exista una finalidad para el Tratamiento de los mismos distinta de las se\u00f1aladas en esta secci\u00f3n, ONNERA lo comunicar\u00e1 al Titular, con el objetivo de que, en caso de ser necesario, manifieste su consentimiento a la finalidad que corresponda.<\/p><\/div>\n\t\t\t\t<\/div>\n\t\t\t\t\t\t\t<div class=\"elementor-accordion-item\">\n\t\t\t\t\t<div id=\"elementor-tab-title-8263\" class=\"elementor-tab-title\" data-tab=\"3\" role=\"button\" aria-controls=\"elementor-tab-content-8263\" aria-expanded=\"false\">\n\t\t\t\t\t\t\t\t\t\t\t\t\t<span class=\"elementor-accordion-icon elementor-accordion-icon-left\" aria-hidden=\"true\">\n\t\t\t\t\t\t\t\t\t\t\t\t\t\t\t<span class=\"elementor-accordion-icon-closed\"><svg class=\"e-font-icon-svg e-fas-plus\" viewBox=\"0 0 448 512\" xmlns=\"http:\/\/www.w3.org\/2000\/svg\"><path d=\"M416 208H272V64c0-17.67-14.33-32-32-32h-32c-17.67 0-32 14.33-32 32v144H32c-17.67 0-32 14.33-32 32v32c0 17.67 14.33 32 32 32h144v144c0 17.67 14.33 32 32 32h32c17.67 0 32-14.33 32-32V304h144c17.67 0 32-14.33 32-32v-32c0-17.67-14.33-32-32-32z\"><\/path><\/svg><\/span>\n\t\t\t\t\t\t\t\t<span class=\"elementor-accordion-icon-opened\"><svg class=\"e-font-icon-svg e-fas-minus\" viewBox=\"0 0 448 512\" xmlns=\"http:\/\/www.w3.org\/2000\/svg\"><path d=\"M416 208H32c-17.67 0-32 14.33-32 32v32c0 17.67 14.33 32 32 32h384c17.67 0 32-14.33 32-32v-32c0-17.67-14.33-32-32-32z\"><\/path><\/svg><\/span>\n\t\t\t\t\t\t\t\t\t\t\t\t\t\t<\/span>\n\t\t\t\t\t\t\t\t\t\t\t\t<a class=\"elementor-accordion-title\" tabindex=\"0\">MEDIOS PARA EJERCER LOS DERECHOS ARCO<\/a>\n\t\t\t\t\t<\/div>\n\t\t\t\t\t<div id=\"elementor-tab-content-8263\" class=\"elementor-tab-content elementor-clearfix\" data-tab=\"3\" role=\"region\" aria-labelledby=\"elementor-tab-title-8263\"><p>Para ejercer los derechos de acceso, rectificaci\u00f3n, cancelaci\u00f3n u oposici\u00f3n (\u201cDerechos ARCO\u201d), de conformidad con lo dispuesto por la Ley de Datos Personales, los Titulares podr\u00e1n presentar una solicitud por escrito dirigida a Derechos Arco a la siguiente direcci\u00f3n de correo electr\u00f3nico info@es.asberamerica.com o directamente al domicilio de ONNERA arriba indicado. La solicitud de acceso, rectificaci\u00f3n, cancelaci\u00f3n u oposici\u00f3n respectiva deber\u00e1 contener y acompa\u00f1ar lo siguiente:<\/p><p>Nombre del Titular y domicilio u otro medio al que ONNERA deber\u00e1 enviar la respuesta correspondiente a la solicitud respectiva;<\/p><p>Los documentos que acrediten la identidad del Titular o, en su caso, la representaci\u00f3n legal de la persona que realiza la solicitud en su nombre;<\/p><p>La descripci\u00f3n clara y precisa de los Datos Personales respecto de los que el Titular desea ejercer alguno de los derechos de acceso, rectificaci\u00f3n, cancelaci\u00f3n u oposici\u00f3n;<\/p><p>En el caso de solicitudes de rectificaci\u00f3n de Datos Personales, el Titular deber\u00e1 indicar, adem\u00e1s de lo se\u00f1alado en esta secci\u00f3n, las modificaciones a realizarse y aportar la documentaci\u00f3n que sustente su petici\u00f3n, y;<\/p><p>Cualquier otro elemento o documento que facilite la localizaci\u00f3n de los Datos Personales correspondientes.<\/p><p>ONNERA comunicar\u00e1 al Titular la determinaci\u00f3n adoptada, en un plazo m\u00e1ximo de veinte D\u00edas, contados desde la fecha en que se recibi\u00f3 la solicitud correspondiente, a efecto de que, si resulta procedente, se haga efectiva la misma dentro de los quince D\u00edas siguientes a la fecha en que se comunica la respuesta. Los plazos antes referidos podr\u00e1n ser ampliados una sola vez por un periodo igual, siempre y cuando as\u00ed lo justifiquen las circunstancias del caso.<\/p><\/div>\n\t\t\t\t<\/div>\n\t\t\t\t\t\t\t<div class=\"elementor-accordion-item\">\n\t\t\t\t\t<div id=\"elementor-tab-title-8264\" class=\"elementor-tab-title\" data-tab=\"4\" role=\"button\" aria-controls=\"elementor-tab-content-8264\" aria-expanded=\"false\">\n\t\t\t\t\t\t\t\t\t\t\t\t\t<span class=\"elementor-accordion-icon elementor-accordion-icon-left\" aria-hidden=\"true\">\n\t\t\t\t\t\t\t\t\t\t\t\t\t\t\t<span class=\"elementor-accordion-icon-closed\"><svg class=\"e-font-icon-svg e-fas-plus\" viewBox=\"0 0 448 512\" xmlns=\"http:\/\/www.w3.org\/2000\/svg\"><path d=\"M416 208H272V64c0-17.67-14.33-32-32-32h-32c-17.67 0-32 14.33-32 32v144H32c-17.67 0-32 14.33-32 32v32c0 17.67 14.33 32 32 32h144v144c0 17.67 14.33 32 32 32h32c17.67 0 32-14.33 32-32V304h144c17.67 0 32-14.33 32-32v-32c0-17.67-14.33-32-32-32z\"><\/path><\/svg><\/span>\n\t\t\t\t\t\t\t\t<span class=\"elementor-accordion-icon-opened\"><svg class=\"e-font-icon-svg e-fas-minus\" viewBox=\"0 0 448 512\" xmlns=\"http:\/\/www.w3.org\/2000\/svg\"><path d=\"M416 208H32c-17.67 0-32 14.33-32 32v32c0 17.67 14.33 32 32 32h384c17.67 0 32-14.33 32-32v-32c0-17.67-14.33-32-32-32z\"><\/path><\/svg><\/span>\n\t\t\t\t\t\t\t\t\t\t\t\t\t\t<\/span>\n\t\t\t\t\t\t\t\t\t\t\t\t<a class=\"elementor-accordion-title\" tabindex=\"0\">TRANSFERENCIAS DE DATOS PERSONALES<\/a>\n\t\t\t\t\t<\/div>\n\t\t\t\t\t<div id=\"elementor-tab-content-8264\" class=\"elementor-tab-content elementor-clearfix\" data-tab=\"4\" role=\"region\" aria-labelledby=\"elementor-tab-title-8264\"><p>En caso que el Titular no manifieste su oposici\u00f3n para que sus Datos Personales sean transferidos, se entender\u00e1 que ha otorgado su consentimiento para ello. En caso que sea necesario, ONNERA comunicar\u00e1 a los Terceros a quienes transfiere Datos Personales el presente Aviso de Privacidad y las finalidades a las que el Titular sujet\u00f3 su tratamiento.<\/p><\/div>\n\t\t\t\t<\/div>\n\t\t\t\t\t\t\t<div class=\"elementor-accordion-item\">\n\t\t\t\t\t<div id=\"elementor-tab-title-8265\" class=\"elementor-tab-title\" data-tab=\"5\" role=\"button\" aria-controls=\"elementor-tab-content-8265\" aria-expanded=\"false\">\n\t\t\t\t\t\t\t\t\t\t\t\t\t<span class=\"elementor-accordion-icon elementor-accordion-icon-left\" aria-hidden=\"true\">\n\t\t\t\t\t\t\t\t\t\t\t\t\t\t\t<span class=\"elementor-accordion-icon-closed\"><svg class=\"e-font-icon-svg e-fas-plus\" viewBox=\"0 0 448 512\" xmlns=\"http:\/\/www.w3.org\/2000\/svg\"><path d=\"M416 208H272V64c0-17.67-14.33-32-32-32h-32c-17.67 0-32 14.33-32 32v144H32c-17.67 0-32 14.33-32 32v32c0 17.67 14.33 32 32 32h144v144c0 17.67 14.33 32 32 32h32c17.67 0 32-14.33 32-32V304h144c17.67 0 32-14.33 32-32v-32c0-17.67-14.33-32-32-32z\"><\/path><\/svg><\/span>\n\t\t\t\t\t\t\t\t<span class=\"elementor-accordion-icon-opened\"><svg class=\"e-font-icon-svg e-fas-minus\" viewBox=\"0 0 448 512\" xmlns=\"http:\/\/www.w3.org\/2000\/svg\"><path d=\"M416 208H32c-17.67 0-32 14.33-32 32v32c0 17.67 14.33 32 32 32h384c17.67 0 32-14.33 32-32v-32c0-17.67-14.33-32-32-32z\"><\/path><\/svg><\/span>\n\t\t\t\t\t\t\t\t\t\t\t\t\t\t<\/span>\n\t\t\t\t\t\t\t\t\t\t\t\t<a class=\"elementor-accordion-title\" tabindex=\"0\">MODIFICACIONES O CAMBIOS AL AVISO DE PRIVACIDAD<\/a>\n\t\t\t\t\t<\/div>\n\t\t\t\t\t<div id=\"elementor-tab-content-8265\" class=\"elementor-tab-content elementor-clearfix\" data-tab=\"5\" role=\"region\" aria-labelledby=\"elementor-tab-title-8265\"><p>Con el presente Aviso de Privacidad, los Titulares de la informaci\u00f3n quedan debidamente informados de los datos que se recabaron de ellos y con qu\u00e9 fines, aceptando los t\u00e9rminos contenidos que fueron elaborados en cumplimiento a la Ley Federal de Protecci\u00f3n de Datos Personales en Posesi\u00f3n de los Particulares. ONNERA se reserva el derecho para realizar modificaciones al presente Aviso de Privacidad. Cualquier cambio a este Aviso de Privacidad ser\u00e1 publicado en la siguiente p\u00e1gina de Internet: www.onneragroup.com<\/p><\/div>\n\t\t\t\t<\/div>\n\t\t\t\t\t\t\t<div class=\"elementor-accordion-item\">\n\t\t\t\t\t<div id=\"elementor-tab-title-8266\" class=\"elementor-tab-title\" data-tab=\"6\" role=\"button\" aria-controls=\"elementor-tab-content-8266\" aria-expanded=\"false\">\n\t\t\t\t\t\t\t\t\t\t\t\t\t<span class=\"elementor-accordion-icon elementor-accordion-icon-left\" aria-hidden=\"true\">\n\t\t\t\t\t\t\t\t\t\t\t\t\t\t\t<span class=\"elementor-accordion-icon-closed\"><svg class=\"e-font-icon-svg e-fas-plus\" viewBox=\"0 0 448 512\" xmlns=\"http:\/\/www.w3.org\/2000\/svg\"><path d=\"M416 208H272V64c0-17.67-14.33-32-32-32h-32c-17.67 0-32 14.33-32 32v144H32c-17.67 0-32 14.33-32 32v32c0 17.67 14.33 32 32 32h144v144c0 17.67 14.33 32 32 32h32c17.67 0 32-14.33 32-32V304h144c17.67 0 32-14.33 32-32v-32c0-17.67-14.33-32-32-32z\"><\/path><\/svg><\/span>\n\t\t\t\t\t\t\t\t<span class=\"elementor-accordion-icon-opened\"><svg class=\"e-font-icon-svg e-fas-minus\" viewBox=\"0 0 448 512\" xmlns=\"http:\/\/www.w3.org\/2000\/svg\"><path d=\"M416 208H32c-17.67 0-32 14.33-32 32v32c0 17.67 14.33 32 32 32h384c17.67 0 32-14.33 32-32v-32c0-17.67-14.33-32-32-32z\"><\/path><\/svg><\/span>\n\t\t\t\t\t\t\t\t\t\t\t\t\t\t<\/span>\n\t\t\t\t\t\t\t\t\t\t\t\t<a class=\"elementor-accordion-title\" tabindex=\"0\">POL\u00cdTICA DE COOKIES<\/a>\n\t\t\t\t\t<\/div>\n\t\t\t\t\t<div id=\"elementor-tab-content-8266\" class=\"elementor-tab-content elementor-clearfix\" data-tab=\"6\" role=\"region\" aria-labelledby=\"elementor-tab-title-8266\"><p>El prestador por su propia cuenta o la de un tercero contratado para la prestaci\u00f3n de servicios de medici\u00f3n, pueden utilizar cookies cuando un usuario navega por el sitio web. Las cookies son ficheros enviados al navegador por medio de un servidor web con la finalidad de registrar las actividades del usuario durante su tiempo de navegaci\u00f3n y recordarlas cuando el usuario vuelva a visitar el sitio web, facilitando el uso y la navegaci\u00f3n de los mismos. Las cookies pueden clasificarse en funci\u00f3n de la entidad que las gestione (propias o de un tercero), seg\u00fan el plazo de tiempo que permanecen activadas (de sesi\u00f3n o persistentes) o conforme a su finalidad (t\u00e9cnicas, de personalizaci\u00f3n, de an\u00e1lisis o publicitarias entre otras). Las cookies utilizadas en este sitio web tienen, en todo caso, car\u00e1cter temporal con la \u00fanica finalidad de hacer m\u00e1s eficaz su transmisi\u00f3n anterior y se asocian \u00fanicamente con un usuario an\u00f3nimo y su ordenador. En ning\u00fan caso se utilizar\u00e1n las cookies para recoger informaci\u00f3n de car\u00e1cter personal. Mediante el uso de las cookies resulta posible que el servidor donde se encuentra la web, reconozca el navegador web utilizado por el usuario con la finalidad de que la navegaci\u00f3n sea m\u00e1s sencilla, permitiendo, por ejemplo, el acceso a los usuarios que se hayan registrado previamente, acceder a las \u00e1reas, servicios, promociones o concursos reservados exclusivamente a ellos sin tener que registrarse en cada visita. Se utilizan tambi\u00e9n para medir la audiencia y par\u00e1metros del tr\u00e1fico, controlar el progreso y n\u00famero de entradas. El USUARIO tiene la posibilidad de configurar el navegador de su ordenador de acuerdo a sus necesidades personales, de manera que pueda advertir de la recepci\u00f3n de cookies e impedir la instalaci\u00f3n de las mismas en el disco duro. El USUARIO podr\u00e1 rechazar el tratamiento de los datos o la informaci\u00f3n rechazando el uso de cookies mediante la selecci\u00f3n de la configuraci\u00f3n apropiada de su navegador, sin embargo, el USUARIO debe saber que si lo hace, es posible que no pueda disponer de la plena funcionalidad de este sitio web. Por favor, consulte las instrucciones y manuales de su navegador para ampliar esta informaci\u00f3n.<\/p><\/div>\n\t\t\t\t<\/div>\n\t\t\t\t\t\t\t\t<\/div>\n\t\t\t\t\t\t<\/div>\n\t\t\t\t<\/div>\n\t\t\t\t\t<\/div>\n\t\t<\/div>\n\t\t\t\t\t<\/div>\n\t\t<\/section>\n\t\t\t\t<\/div>\n\t\t","protected":false},"excerpt":{"rendered":"<p>AVISO DE PRIVACIDAD El presente aviso de privacidad se establece en cumplimiento de lo dispuesto en la Ley Federal de Protecci\u00f3n de Datos Personales en Posesi\u00f3n de los Particulares (la \u201cLey de Datos Personales\u201d), por favor lea cuidadosamente los t\u00e9rminos y condiciones que se precisan en el presente aviso, puesto que cualquier aportaci\u00f3n de datos [&hellip;]<\/p>\n","protected":false},"author":1,"featured_media":0,"parent":618,"menu_order":0,"comment_status":"closed","ping_status":"closed","template":"","meta":{"_acf_changed":false,"footnotes":""},"class_list":["post-558","page","type-page","status-publish","hentry"],"acf":[],"_links":{"self":[{"href":"https:\/\/asberamerica.com\/es\/wp-json\/wp\/v2\/pages\/558","targetHints":{"allow":["GET"]}}],"collection":[{"href":"https:\/\/asberamerica.com\/es\/wp-json\/wp\/v2\/pages"}],"about":[{"href":"https:\/\/asberamerica.com\/es\/wp-json\/wp\/v2\/types\/page"}],"author":[{"embeddable":true,"href":"https:\/\/asberamerica.com\/es\/wp-json\/wp\/v2\/users\/1"}],"replies":[{"embeddable":true,"href":"https:\/\/asberamerica.com\/es\/wp-json\/wp\/v2\/comments?post=558"}],"version-history":[{"count":10,"href":"https:\/\/asberamerica.com\/es\/wp-json\/wp\/v2\/pages\/558\/revisions"}],"predecessor-version":[{"id":5001,"href":"https:\/\/asberamerica.com\/es\/wp-json\/wp\/v2\/pages\/558\/revisions\/5001"}],"up":[{"embeddable":true,"href":"https:\/\/asberamerica.com\/es\/wp-json\/wp\/v2\/pages\/618"}],"wp:attachment":[{"href":"https:\/\/asberamerica.com\/es\/wp-json\/wp\/v2\/media?parent=558"}],"curies":[{"name":"wp","href":"https:\/\/api.w.org\/{rel}","templated":true}]}}