{"id":4883,"date":"2024-02-06T12:31:06","date_gmt":"2024-02-06T18:31:06","guid":{"rendered":"https:\/\/asberamerica.com\/es\/?page_id=4883"},"modified":"2024-03-22T17:06:52","modified_gmt":"2024-03-22T23:06:52","slug":"terminos-y-condiciones-de-garantia-latinoamerica","status":"publish","type":"page","link":"https:\/\/asberamerica.com\/es\/garantia\/terminos-y-condiciones-de-garantia-latinoamerica\/","title":{"rendered":"T\u00e9rminos y Condiciones de Garant\u00eda (Latinoam\u00e9rica)"},"content":{"rendered":"\t\t<div data-elementor-type=\"wp-page\" data-elementor-id=\"4883\" class=\"elementor elementor-4883\" data-elementor-post-type=\"page\">\n\t\t\t\t\t\t<section class=\"elementor-section elementor-top-section elementor-element elementor-element-9ef867c elementor-section-height-min-height elementor-section-boxed elementor-section-height-default elementor-section-items-middle\" data-id=\"9ef867c\" data-element_type=\"section\" data-e-type=\"section\" data-settings=\"{&quot;background_background&quot;:&quot;classic&quot;}\">\n\t\t\t\t\t\t<div class=\"elementor-container elementor-column-gap-default\">\n\t\t\t\t\t<div class=\"elementor-column elementor-col-100 elementor-top-column elementor-element elementor-element-ff4f8cb\" data-id=\"ff4f8cb\" data-element_type=\"column\" data-e-type=\"column\">\n\t\t\t<div class=\"elementor-widget-wrap elementor-element-populated\">\n\t\t\t\t\t\t<div class=\"elementor-element elementor-element-8d261bd elementor-widget elementor-widget-heading\" data-id=\"8d261bd\" data-element_type=\"widget\" data-e-type=\"widget\" data-widget_type=\"heading.default\">\n\t\t\t\t<div class=\"elementor-widget-container\">\n\t\t\t\t\t<h2 class=\"elementor-heading-title elementor-size-default\">TERMINOS Y CONDICIONES DE GARANTIA<BR>\nLatinoam\u00e9rica<\/h2>\t\t\t\t<\/div>\n\t\t\t\t<\/div>\n\t\t\t\t\t<\/div>\n\t\t<\/div>\n\t\t\t\t\t<\/div>\n\t\t<\/section>\n\t\t\t\t<section class=\"elementor-section elementor-top-section elementor-element elementor-element-fd35147 elementor-section-boxed elementor-section-height-default elementor-section-height-default\" data-id=\"fd35147\" data-element_type=\"section\" data-e-type=\"section\">\n\t\t\t\t\t\t<div class=\"elementor-container elementor-column-gap-default\">\n\t\t\t\t\t<div class=\"elementor-column elementor-col-100 elementor-top-column elementor-element elementor-element-b018bd2\" data-id=\"b018bd2\" data-element_type=\"column\" data-e-type=\"column\">\n\t\t\t<div class=\"elementor-widget-wrap elementor-element-populated\">\n\t\t\t\t\t\t<div class=\"elementor-element elementor-element-4d8b0e8 elementor-widget elementor-widget-woocommerce-breadcrumb\" data-id=\"4d8b0e8\" data-element_type=\"widget\" data-e-type=\"widget\" data-widget_type=\"woocommerce-breadcrumb.default\">\n\t\t\t\t<div class=\"elementor-widget-container\">\n\t\t\t\t\t<nav class=\"woocommerce-breadcrumb\" aria-label=\"Breadcrumb\">Inicio<\/nav>\t\t\t\t<\/div>\n\t\t\t\t<\/div>\n\t\t\t\t\t<\/div>\n\t\t<\/div>\n\t\t\t\t\t<\/div>\n\t\t<\/section>\n\t\t\t\t<section class=\"elementor-section elementor-top-section elementor-element elementor-element-2419644 elementor-section-boxed elementor-section-height-default elementor-section-height-default\" data-id=\"2419644\" data-element_type=\"section\" data-e-type=\"section\">\n\t\t\t\t\t\t<div class=\"elementor-container elementor-column-gap-default\">\n\t\t\t\t\t<div class=\"elementor-column elementor-col-100 elementor-top-column elementor-element elementor-element-de51d4e\" data-id=\"de51d4e\" data-element_type=\"column\" data-e-type=\"column\">\n\t\t\t<div class=\"elementor-widget-wrap elementor-element-populated\">\n\t\t\t\t\t\t<div class=\"elementor-element elementor-element-0c0ec1e elementor-widget elementor-widget-text-editor\" data-id=\"0c0ec1e\" data-element_type=\"widget\" data-e-type=\"widget\" data-widget_type=\"text-editor.default\">\n\t\t\t\t<div class=\"elementor-widget-container\">\n\t\t\t\t\t\t\t\t\t<p>ONNERA MEXICO S.A. DE C.V., filial de ONNERA GROUP, en su car\u00e1cter de fabricante de equipamiento gastron\u00f3mico industrial para el sector de hosteler\u00eda, con domicilio en Circuito Exportaci\u00f3n N\u00b0 201, Col. Parque Industrial Tres Naciones, C.P. 78395, San Lu\u00eds Potos\u00ed, S.L.P., M\u00e9xico, ostenta los siguientes T\u00e9rminos y Condiciones de Garant\u00eda aplicables en Latinoam\u00e9rica (excepto M\u00e9xico):<\/p>\t\t\t\t\t\t\t\t<\/div>\n\t\t\t\t<\/div>\n\t\t\t\t<div class=\"elementor-element elementor-element-cdd0863 elementor-widget elementor-widget-accordion\" data-id=\"cdd0863\" data-element_type=\"widget\" data-e-type=\"widget\" data-widget_type=\"accordion.default\">\n\t\t\t\t<div class=\"elementor-widget-container\">\n\t\t\t\t\t\t\t<div class=\"elementor-accordion\">\n\t\t\t\t\t\t\t<div class=\"elementor-accordion-item\">\n\t\t\t\t\t<div id=\"elementor-tab-title-2151\" class=\"elementor-tab-title\" data-tab=\"1\" role=\"button\" aria-controls=\"elementor-tab-content-2151\" aria-expanded=\"false\">\n\t\t\t\t\t\t\t\t\t\t\t\t\t<span class=\"elementor-accordion-icon elementor-accordion-icon-left\" aria-hidden=\"true\">\n\t\t\t\t\t\t\t\t\t\t\t\t\t\t\t<span class=\"elementor-accordion-icon-closed\"><svg class=\"e-font-icon-svg e-fas-plus\" viewBox=\"0 0 448 512\" xmlns=\"http:\/\/www.w3.org\/2000\/svg\"><path d=\"M416 208H272V64c0-17.67-14.33-32-32-32h-32c-17.67 0-32 14.33-32 32v144H32c-17.67 0-32 14.33-32 32v32c0 17.67 14.33 32 32 32h144v144c0 17.67 14.33 32 32 32h32c17.67 0 32-14.33 32-32V304h144c17.67 0 32-14.33 32-32v-32c0-17.67-14.33-32-32-32z\"><\/path><\/svg><\/span>\n\t\t\t\t\t\t\t\t<span class=\"elementor-accordion-icon-opened\"><svg class=\"e-font-icon-svg e-fas-minus\" viewBox=\"0 0 448 512\" xmlns=\"http:\/\/www.w3.org\/2000\/svg\"><path d=\"M416 208H32c-17.67 0-32 14.33-32 32v32c0 17.67 14.33 32 32 32h384c17.67 0 32-14.33 32-32v-32c0-17.67-14.33-32-32-32z\"><\/path><\/svg><\/span>\n\t\t\t\t\t\t\t\t\t\t\t\t\t\t<\/span>\n\t\t\t\t\t\t\t\t\t\t\t\t<a class=\"elementor-accordion-title\" tabindex=\"0\">VALIDEZ<\/a>\n\t\t\t\t\t<\/div>\n\t\t\t\t\t<div id=\"elementor-tab-content-2151\" class=\"elementor-tab-content elementor-clearfix\" data-tab=\"1\" role=\"region\" aria-labelledby=\"elementor-tab-title-2151\"><p><strong>ONNERA M\u00e9xico <\/strong>garantiza al usuario final que los equipos de la Marca<strong> ASBER<\/strong> han sido probados y ajustados para su correcta operaci\u00f3n en donde las partes ensambladas y la mano de obra se encuentran libres de defectos para que su equipo pueda funcionar en las condiciones normales para las cuales han sido dise\u00f1adas.<\/p><p><strong>ONNERA M\u00e9xico <\/strong>Ofrece Garant\u00eda de<strong> Un A\u00f1o<\/strong> en partes a partir de la fecha de facturaci\u00f3n\/venta que realice el distribuidor al cliente\/usuario final. Es necesario que la factura de venta al usuario final contenga impreso(s) de origen el (los) modelo(s) y serie(s) del (los) equipo(s).<\/p><p>En caso de no contar con el soporte de la fecha de facturaci\u00f3n\/venta al usuario final ni el modelo o serie impresos, el periodo de garant\u00eda de <strong>Un A\u00f1o<\/strong> se tomara a partir de la fecha de Facturacion de ONNERA M\u00e9xico para con el distribuidor.<\/p><p>Para hacer valida la garant\u00eda, es necesario que se notifique por escrito al <strong>Servicio de Asistencia T\u00e9cnica<\/strong> \u00a0(SAT) mediante correo electr\u00f3nico: <a href=\"mailto:sat.mex@onneragroup.com\">sat.mex@onneragroup.com<\/a>, enviando la siguiente informaci\u00f3n: foto de placa matricula donde sea legible el modelo y la serie, soporte de venta que cumpla con el periodo de un a\u00f1o, fotos del o los defecto(s) y\/o falla(s), reporte de diagn\u00f3stico t\u00e9cnico elaborado por un centro de servicio especializado-certificado y\/o reconocido donde se indique de manera detallada la revisi\u00f3n y las partes asociadas, as\u00ed como los requisitos espec\u00edficos m\u00e1s adelante en este documento para cada familia de producto.<\/p><\/div>\n\t\t\t\t<\/div>\n\t\t\t\t\t\t\t<div class=\"elementor-accordion-item\">\n\t\t\t\t\t<div id=\"elementor-tab-title-2152\" class=\"elementor-tab-title\" data-tab=\"2\" role=\"button\" aria-controls=\"elementor-tab-content-2152\" aria-expanded=\"false\">\n\t\t\t\t\t\t\t\t\t\t\t\t\t<span class=\"elementor-accordion-icon elementor-accordion-icon-left\" aria-hidden=\"true\">\n\t\t\t\t\t\t\t\t\t\t\t\t\t\t\t<span class=\"elementor-accordion-icon-closed\"><svg class=\"e-font-icon-svg e-fas-plus\" viewBox=\"0 0 448 512\" xmlns=\"http:\/\/www.w3.org\/2000\/svg\"><path d=\"M416 208H272V64c0-17.67-14.33-32-32-32h-32c-17.67 0-32 14.33-32 32v144H32c-17.67 0-32 14.33-32 32v32c0 17.67 14.33 32 32 32h144v144c0 17.67 14.33 32 32 32h32c17.67 0 32-14.33 32-32V304h144c17.67 0 32-14.33 32-32v-32c0-17.67-14.33-32-32-32z\"><\/path><\/svg><\/span>\n\t\t\t\t\t\t\t\t<span class=\"elementor-accordion-icon-opened\"><svg class=\"e-font-icon-svg e-fas-minus\" viewBox=\"0 0 448 512\" xmlns=\"http:\/\/www.w3.org\/2000\/svg\"><path d=\"M416 208H32c-17.67 0-32 14.33-32 32v32c0 17.67 14.33 32 32 32h384c17.67 0 32-14.33 32-32v-32c0-17.67-14.33-32-32-32z\"><\/path><\/svg><\/span>\n\t\t\t\t\t\t\t\t\t\t\t\t\t\t<\/span>\n\t\t\t\t\t\t\t\t\t\t\t\t<a class=\"elementor-accordion-title\" tabindex=\"0\">ANULACION<\/a>\n\t\t\t\t\t<\/div>\n\t\t\t\t\t<div id=\"elementor-tab-content-2152\" class=\"elementor-tab-content elementor-clearfix\" data-tab=\"2\" role=\"region\" aria-labelledby=\"elementor-tab-title-2152\"><p><strong>La Presente Garant\u00eda Quedara Anulada Cuando El Equipo:<\/strong><\/p><p>1.- Haya sufrido un accidente por maniobras\/transporte ajeno a ONNERA M\u00e9xico.<\/p><p>2.- Haya sufrido alteraciones en cualquier \u00e1mbito, Mal Uso, Corrosi\u00f3n por agentes qu\u00edmicos y\/o productos no aptos para los equipos y\/o derrames de l\u00edquidos en zonas el\u00e9ctricas (Se recomienda leer el manual de operaci\u00f3n de cada uno de los equipos).<\/p><p>3.- Haya sufrido da\u00f1os o mal funcionamiento por fallas en el suministro el\u00e9ctrico, <strong>Mala Instalaci\u00f3n<\/strong> y\/o deficiencia o alteraci\u00f3n en el suministro de energ\u00eda, agua y gas seg\u00fan sean necesarias para la correcta operaci\u00f3n del equipo.<\/p><p>4.- Haya sufrido cualquier da\u00f1o\/desperfecto ocasionado por personal no apto y\/o capacitado para el mantenimiento y\/o uso.<\/p><p>5.- No tengan los mantenimientos preventivos y sus reportes de ejecuci\u00f3n (los servicios de mantenimiento deben ser realizados por un centro de servicio especializado- certificado y\/o reconocido).<\/p><\/div>\n\t\t\t\t<\/div>\n\t\t\t\t\t\t\t<div class=\"elementor-accordion-item\">\n\t\t\t\t\t<div id=\"elementor-tab-title-2153\" class=\"elementor-tab-title\" data-tab=\"3\" role=\"button\" aria-controls=\"elementor-tab-content-2153\" aria-expanded=\"false\">\n\t\t\t\t\t\t\t\t\t\t\t\t\t<span class=\"elementor-accordion-icon elementor-accordion-icon-left\" aria-hidden=\"true\">\n\t\t\t\t\t\t\t\t\t\t\t\t\t\t\t<span class=\"elementor-accordion-icon-closed\"><svg class=\"e-font-icon-svg e-fas-plus\" viewBox=\"0 0 448 512\" xmlns=\"http:\/\/www.w3.org\/2000\/svg\"><path d=\"M416 208H272V64c0-17.67-14.33-32-32-32h-32c-17.67 0-32 14.33-32 32v144H32c-17.67 0-32 14.33-32 32v32c0 17.67 14.33 32 32 32h144v144c0 17.67 14.33 32 32 32h32c17.67 0 32-14.33 32-32V304h144c17.67 0 32-14.33 32-32v-32c0-17.67-14.33-32-32-32z\"><\/path><\/svg><\/span>\n\t\t\t\t\t\t\t\t<span class=\"elementor-accordion-icon-opened\"><svg class=\"e-font-icon-svg e-fas-minus\" viewBox=\"0 0 448 512\" xmlns=\"http:\/\/www.w3.org\/2000\/svg\"><path d=\"M416 208H32c-17.67 0-32 14.33-32 32v32c0 17.67 14.33 32 32 32h384c17.67 0 32-14.33 32-32v-32c0-17.67-14.33-32-32-32z\"><\/path><\/svg><\/span>\n\t\t\t\t\t\t\t\t\t\t\t\t\t\t<\/span>\n\t\t\t\t\t\t\t\t\t\t\t\t<a class=\"elementor-accordion-title\" tabindex=\"0\">LIMITACIONES<\/a>\n\t\t\t\t\t<\/div>\n\t\t\t\t\t<div id=\"elementor-tab-content-2153\" class=\"elementor-tab-content elementor-clearfix\" data-tab=\"3\" role=\"region\" aria-labelledby=\"elementor-tab-title-2153\"><p><strong>La Presente Garant\u00eda se Limita a:<\/strong><\/p><p>1.- Un a\u00f1o en partes y\/o defectos de fabricaci\u00f3n en el equipo que lo inhabiliten para su operaci\u00f3n de manera total y tres meses en refacciones enviadas.<\/p><p>2.- Cubrir la reposici\u00f3n de partes para resolver los inconvenientes y\/o defectos de fabricaci\u00f3n, mas no as\u00ed los costos asociados a la mano de obra y\/o vi\u00e1ticos del personal t\u00e9cnico.<\/p><p>3.- Cubrir el valor del envi\u00f3 de las partes (no se cubren tr\u00e1mites, gastos aduanales y\/o de importaci\u00f3n) siempre y cuando <strong>el valor de env\u00edo no supere los 120 USD<\/strong>; En los casos donde el valor de env\u00edo de refacciones por su naturaleza de peso y dimensiones supere los 120 USD, las partes se enviar\u00edan en la siguiente ruta\/contenedor o a menos que el distribuidor cubra la parte adicional que derive del costo total del envi\u00f3 a su localidad.<\/p><p><strong>4.- En Caso de Fallas en Compresores de Refrigeradores: <\/strong><\/p><p>4.1.- Se debe presentar el reporte de mantenimiento preventivo (con modelo, serie, fecha y sello del cliente) realizado al equipo donde se describa los puntos realizados y que este no tengan un periodo mayor a 3 meses a la fecha de la falla.<\/p><p>4.2.- Ser\u00e1 necesario presentar el reporte de diagn\u00f3stico t\u00e9cnico elaborado por un centro de servicio especializado-certificado y\/o reconocido donde se indique de manera detallada la revisi\u00f3n, indicando modelo de compresor, la serie del compresor, presi\u00f3n de succi\u00f3n, temperatura de descarga, verificar y garantizar que el Kit de arranque se ha revisado y es funcional o no, Ohm\u2019s de las bobinas del compresor, evidenciar que el contacto donde estaba el equipo conectado es exclusivo para el equipo, que se cuenta con tierra f\u00edsica en el lugar, as\u00ed como interruptor termomagn\u00e9tico acorde a la capacidad del equipo. En caso de diagnosticar el compresor esta aterrizado se requiere realizar una prueba de acidez del aceite inmediatamente despu\u00e9s de removerlo.<\/p><p><strong>5.- En Caso de Fallas en Equipos a GAS:<\/strong><\/p><p>5.1.- Se debe presentar reporte (con modelo, serie, fecha y sello del cliente) que evidencie que la instalaci\u00f3n, calibraci\u00f3n (regulaci\u00f3n de presi\u00f3n de gas acorde a la placa matr\u00edcula para el tipo de gas que est\u00e1 dise\u00f1ado el equipo) y puesta en marcha del o los equipos fue realizada por un centro de servicio especializado-certificado y\/o reconocido.<\/p><p>5.2.- Se debe presentar la p\u00f3liza de mantenimiento preventivo (con modelo, serie, fecha y sello del cliente) realizado al equipo donde se describa los puntos realizados y que este no tengan un periodo mayor a 3 meses a la fecha de la falla.<\/p><p>5.3.- Ser\u00e1 necesario presentar el reporte de diagn\u00f3stico t\u00e9cnico elaborado por un centro de servicio especializado-certificado y\/o reconocido donde se indique de manera detallada la revisi\u00f3n y diagn\u00f3stico de la falla, as\u00ed como las partes asociadas.<\/p><p><strong>\u00a0<\/strong><\/p><p><strong>6.- En Caso de Fallas en Lava Lozas:<\/strong><\/p><p>6.1.- Se debe presentar reporte (con modelo, serie, fecha y sello del cliente) que evidencie que la instalaci\u00f3n, calibraci\u00f3n y puesta en marcha del equipo fue realizada por un centro de servicio especializado-certificado y\/o reconocido.<\/p><p>Dicho reporte debe contener los datos de: calibre y tipo de cable utilizado para la instalaci\u00f3n el\u00e9ctrica, distancia hasta el centro de carga, capacidad del interruptor termomagn\u00e9tico en centro de carga, equipo debidamente aterrizado, presi\u00f3n de agua acorde a lo especificado en el manual y placa matricula, calidad del agua (libre de minerales), Voltaje\/amperaje entre Fases, calibraci\u00f3n de dosificaci\u00f3n de l\u00edquidos (Detergente\/Abrillantador), evidencia de capacitaci\u00f3n y uso del equipo a personal a cargo.<\/p><p>6.2.- Se debe presentar la p\u00f3liza de mantenimiento preventivo (con modelo, serie, fecha y sello del cliente) realizado al equipo donde se describa los puntos realizados y que este no tengan un periodo mayor a 3 meses a la fecha de la falla.<\/p><p>6.3.- Ser\u00e1 necesario presentar el reporte de diagn\u00f3stico t\u00e9cnico elaborado por un centro de servicio especializado-certificado y\/o reconocido donde se indique de manera detallada la revisi\u00f3n y diagn\u00f3stico de la falla, as\u00ed como las partes asociadas.<\/p><\/div>\n\t\t\t\t<\/div>\n\t\t\t\t\t\t\t<div class=\"elementor-accordion-item\">\n\t\t\t\t\t<div id=\"elementor-tab-title-2154\" class=\"elementor-tab-title\" data-tab=\"4\" role=\"button\" aria-controls=\"elementor-tab-content-2154\" aria-expanded=\"false\">\n\t\t\t\t\t\t\t\t\t\t\t\t\t<span class=\"elementor-accordion-icon elementor-accordion-icon-left\" aria-hidden=\"true\">\n\t\t\t\t\t\t\t\t\t\t\t\t\t\t\t<span class=\"elementor-accordion-icon-closed\"><svg class=\"e-font-icon-svg e-fas-plus\" viewBox=\"0 0 448 512\" xmlns=\"http:\/\/www.w3.org\/2000\/svg\"><path d=\"M416 208H272V64c0-17.67-14.33-32-32-32h-32c-17.67 0-32 14.33-32 32v144H32c-17.67 0-32 14.33-32 32v32c0 17.67 14.33 32 32 32h144v144c0 17.67 14.33 32 32 32h32c17.67 0 32-14.33 32-32V304h144c17.67 0 32-14.33 32-32v-32c0-17.67-14.33-32-32-32z\"><\/path><\/svg><\/span>\n\t\t\t\t\t\t\t\t<span class=\"elementor-accordion-icon-opened\"><svg class=\"e-font-icon-svg e-fas-minus\" viewBox=\"0 0 448 512\" xmlns=\"http:\/\/www.w3.org\/2000\/svg\"><path d=\"M416 208H32c-17.67 0-32 14.33-32 32v32c0 17.67 14.33 32 32 32h384c17.67 0 32-14.33 32-32v-32c0-17.67-14.33-32-32-32z\"><\/path><\/svg><\/span>\n\t\t\t\t\t\t\t\t\t\t\t\t\t\t<\/span>\n\t\t\t\t\t\t\t\t\t\t\t\t<a class=\"elementor-accordion-title\" tabindex=\"0\">CONDICIONES DE NO COBERTURA<\/a>\n\t\t\t\t\t<\/div>\n\t\t\t\t\t<div id=\"elementor-tab-content-2154\" class=\"elementor-tab-content elementor-clearfix\" data-tab=\"4\" role=\"region\" aria-labelledby=\"elementor-tab-title-2154\"><p><strong>La Presente Garant\u00eda NO CUBRE<\/strong><strong>:<\/strong><\/p><p>1.- Los costos de mano de obra, traslados, costos de reparaciones y\/o da\u00f1os a mercanc\u00edas\/productos que est\u00e9n almacenados dentro del o los equipo(s).<\/p><p>2.- Desperfectos y\/o da\u00f1os a otros equipos que sean conectados a la misma instalaci\u00f3n del equipo en cuesti\u00f3n.<\/p><p>3.- Da\u00f1os en componentes el\u00e9ctricos\/electr\u00f3nicos debido a la naturaleza de fallas en el suministro el\u00e9ctrico que pudieran ocurrir como alto\/bajo voltaje, omisi\u00f3n de puesta a tierra en instalaci\u00f3n, etc. las cuales est\u00e1n fuera del alcance ONNERA M\u00e9xico.<\/p><p>4.- Da\u00f1os en partes el\u00e9ctricas de lava lozas por acumulaci\u00f3n de sarro debido a la impureza del agua, mala instalaci\u00f3n, mala operaci\u00f3n, mala dosificaci\u00f3n\/regulaci\u00f3n de l\u00edquidos (Detergente\/Abrillantador).<\/p><p>5.- Da\u00f1os en refacciones asociadas a una mala instalaci\u00f3n y\/o conexi\u00f3n.<\/p><p>6.- Errores en la solicitud de partes o refacciones.<\/p><p>7.- Da\u00f1os por transporte, como: rayones, golpes, abolladuras o fracturas en puertas y cristales.<\/p><p>ONNERA M\u00e9xico, en la medida que as\u00ed lo considere podr\u00e1 solicitar la devoluci\u00f3n de las partes no funcionales para ser analizadas y determinar la aplicaci\u00f3n de la garant\u00eda en el caso que se cumplan los puntos mencionados anteriormente. El presente documento, podr\u00e1 estar sujeto a modificaciones\/actualizaciones sin previo aviso.<\/p><\/div>\n\t\t\t\t<\/div>\n\t\t\t\t\t\t\t\t<\/div>\n\t\t\t\t\t\t<\/div>\n\t\t\t\t<\/div>\n\t\t\t\t\t<\/div>\n\t\t<\/div>\n\t\t\t\t\t<\/div>\n\t\t<\/section>\n\t\t\t\t<\/div>\n\t\t","protected":false},"excerpt":{"rendered":"<p>TERMINOS Y CONDICIONES DE GARANTIA Latinoam\u00e9rica ONNERA MEXICO S.A. DE C.V., filial de ONNERA GROUP, en su car\u00e1cter de fabricante de equipamiento gastron\u00f3mico industrial para el sector de hosteler\u00eda, con domicilio en Circuito Exportaci\u00f3n N\u00b0 201, Col. Parque Industrial Tres Naciones, C.P. 78395, San Lu\u00eds Potos\u00ed, S.L.P., M\u00e9xico, ostenta los siguientes T\u00e9rminos y Condiciones de [&hellip;]<\/p>\n","protected":false},"author":1,"featured_media":0,"parent":5344,"menu_order":0,"comment_status":"closed","ping_status":"closed","template":"","meta":{"_acf_changed":false,"footnotes":""},"class_list":["post-4883","page","type-page","status-publish","hentry"],"acf":[],"_links":{"self":[{"href":"https:\/\/asberamerica.com\/es\/wp-json\/wp\/v2\/pages\/4883","targetHints":{"allow":["GET"]}}],"collection":[{"href":"https:\/\/asberamerica.com\/es\/wp-json\/wp\/v2\/pages"}],"about":[{"href":"https:\/\/asberamerica.com\/es\/wp-json\/wp\/v2\/types\/page"}],"author":[{"embeddable":true,"href":"https:\/\/asberamerica.com\/es\/wp-json\/wp\/v2\/users\/1"}],"replies":[{"embeddable":true,"href":"https:\/\/asberamerica.com\/es\/wp-json\/wp\/v2\/comments?post=4883"}],"version-history":[{"count":26,"href":"https:\/\/asberamerica.com\/es\/wp-json\/wp\/v2\/pages\/4883\/revisions"}],"predecessor-version":[{"id":5010,"href":"https:\/\/asberamerica.com\/es\/wp-json\/wp\/v2\/pages\/4883\/revisions\/5010"}],"up":[{"embeddable":true,"href":"https:\/\/asberamerica.com\/es\/wp-json\/wp\/v2\/pages\/5344"}],"wp:attachment":[{"href":"https:\/\/asberamerica.com\/es\/wp-json\/wp\/v2\/media?parent=4883"}],"curies":[{"name":"wp","href":"https:\/\/api.w.org\/{rel}","templated":true}]}}