{"id":5804,"date":"2023-07-01T08:05:07","date_gmt":"2023-07-01T14:05:07","guid":{"rendered":"https:\/\/asberamerica.com\/es\/?post_type=product&#038;p=5804"},"modified":"2026-01-15T11:21:09","modified_gmt":"2026-01-15T17:21:09","slug":"mesas-refrigeradas-preparacion-de-ensaladas-con-cajones-premium-line","status":"publish","type":"product","link":"https:\/\/asberamerica.com\/es\/en\/producto\/mesas-refrigeradas-preparacion-de-ensaladas-con-cajones-premium-line\/","title":{"rendered":"Refrigerated Salad Prep Tables with Drawers \u2013 Premium Line"},"content":{"rendered":"","protected":false},"excerpt":{"rendered":"<h4>Dise\u00f1o constructivo \u00fanico en su clase que permite incrementar la capacidad de almacenamiento en un 30% respecto a otros equipos de su categor\u00eda.<\/h4>","protected":false},"featured_media":5782,"template":"","meta":{"_acf_changed":false},"product_brand":[],"product_cat":[99],"product_tag":[47],"class_list":{"0":"post-5804","1":"product","2":"type-product","3":"status-publish","4":"has-post-thumbnail","6":"product_cat-refrigeracion","7":"product_tag-mesas-refrigeradas-de-preparacion","9":"first","10":"instock","11":"shipping-taxable","12":"product-type-simple"},"acf":[],"_links":{"self":[{"href":"https:\/\/asberamerica.com\/es\/en\/wp-json\/wp\/v2\/product\/5804","targetHints":{"allow":["GET"]}}],"collection":[{"href":"https:\/\/asberamerica.com\/es\/en\/wp-json\/wp\/v2\/product"}],"about":[{"href":"https:\/\/asberamerica.com\/es\/en\/wp-json\/wp\/v2\/types\/product"}],"version-history":[{"count":6,"href":"https:\/\/asberamerica.com\/es\/en\/wp-json\/wp\/v2\/product\/5804\/revisions"}],"predecessor-version":[{"id":6501,"href":"https:\/\/asberamerica.com\/es\/en\/wp-json\/wp\/v2\/product\/5804\/revisions\/6501"}],"wp:featuredmedia":[{"embeddable":true,"href":"https:\/\/asberamerica.com\/es\/en\/wp-json\/wp\/v2\/media\/5782"}],"wp:attachment":[{"href":"https:\/\/asberamerica.com\/es\/en\/wp-json\/wp\/v2\/media?parent=5804"}],"wp:term":[{"taxonomy":"product_brand","embeddable":true,"href":"https:\/\/asberamerica.com\/es\/en\/wp-json\/wp\/v2\/product_brand?post=5804"},{"taxonomy":"product_cat","embeddable":true,"href":"https:\/\/asberamerica.com\/es\/en\/wp-json\/wp\/v2\/product_cat?post=5804"},{"taxonomy":"product_tag","embeddable":true,"href":"https:\/\/asberamerica.com\/es\/en\/wp-json\/wp\/v2\/product_tag?post=5804"}],"curies":[{"name":"wp","href":"https:\/\/api.w.org\/{rel}","templated":true}]}}