{"id":5725,"date":"2023-07-01T09:30:46","date_gmt":"2023-07-01T15:30:46","guid":{"rendered":"https:\/\/asberamerica.com\/es\/?post_type=product&#038;p=5725"},"modified":"2026-01-15T11:22:10","modified_gmt":"2026-01-15T17:22:10","slug":"mesas-bajo-mostrador-refrigeradas-premium-line","status":"publish","type":"product","link":"https:\/\/asberamerica.com\/es\/en\/producto\/mesas-bajo-mostrador-refrigeradas-premium-line\/","title":{"rendered":"Undercounter Refrigerators \u2013 Premium Line"},"content":{"rendered":"","protected":false},"excerpt":{"rendered":"<h4>Dise\u00f1o constructivo \u00fanico en su clase que permite incrementar la capacidad de almacenamiento en un 30% respecto a otros equipos de su categor\u00eda.<\/h4>","protected":false},"featured_media":5891,"template":"","meta":{"_acf_changed":false},"product_brand":[],"product_cat":[99],"product_tag":[41,85,40],"class_list":{"0":"post-5725","1":"product","2":"type-product","3":"status-publish","4":"has-post-thumbnail","6":"product_cat-refrigeracion","7":"product_tag-conservadores-de-congelados","8":"product_tag-mesas-bajo-mostrador","9":"product_tag-refrigeradores","11":"first","12":"instock","13":"shipping-taxable","14":"product-type-simple"},"acf":[],"_links":{"self":[{"href":"https:\/\/asberamerica.com\/es\/en\/wp-json\/wp\/v2\/product\/5725","targetHints":{"allow":["GET"]}}],"collection":[{"href":"https:\/\/asberamerica.com\/es\/en\/wp-json\/wp\/v2\/product"}],"about":[{"href":"https:\/\/asberamerica.com\/es\/en\/wp-json\/wp\/v2\/types\/product"}],"version-history":[{"count":11,"href":"https:\/\/asberamerica.com\/es\/en\/wp-json\/wp\/v2\/product\/5725\/revisions"}],"predecessor-version":[{"id":6504,"href":"https:\/\/asberamerica.com\/es\/en\/wp-json\/wp\/v2\/product\/5725\/revisions\/6504"}],"wp:featuredmedia":[{"embeddable":true,"href":"https:\/\/asberamerica.com\/es\/en\/wp-json\/wp\/v2\/media\/5891"}],"wp:attachment":[{"href":"https:\/\/asberamerica.com\/es\/en\/wp-json\/wp\/v2\/media?parent=5725"}],"wp:term":[{"taxonomy":"product_brand","embeddable":true,"href":"https:\/\/asberamerica.com\/es\/en\/wp-json\/wp\/v2\/product_brand?post=5725"},{"taxonomy":"product_cat","embeddable":true,"href":"https:\/\/asberamerica.com\/es\/en\/wp-json\/wp\/v2\/product_cat?post=5725"},{"taxonomy":"product_tag","embeddable":true,"href":"https:\/\/asberamerica.com\/es\/en\/wp-json\/wp\/v2\/product_tag?post=5725"}],"curies":[{"name":"wp","href":"https:\/\/api.w.org\/{rel}","templated":true}]}}